{"id":1227,"date":"2026-02-08T20:48:17","date_gmt":"2026-02-08T20:48:17","guid":{"rendered":"https:\/\/testnidomens.com\/omrpy\/upravljanje-jahtama-konsijerz\/"},"modified":"2026-03-22T18:02:05","modified_gmt":"2026-03-22T18:02:05","slug":"yacht-management-and-concierge-services","status":"publish","type":"page","link":"https:\/\/omrpremiumyachting.com\/en\/yacht-management-and-concierge-services\/","title":{"rendered":"Yacht Management &#038; Concierge Services"},"content":{"rendered":"\t\t<div data-elementor-type=\"wp-page\" data-elementor-id=\"1227\" class=\"elementor elementor-1227 elementor-126\" data-elementor-post-type=\"page\">\n\t\t\t\t\t\t<section class=\"elementor-section elementor-top-section elementor-element elementor-element-578cf57 elementor-section-height-min-height elementor-section-items-bottom elementor-section-boxed elementor-section-height-default\" data-id=\"578cf57\" data-element_type=\"section\" data-e-type=\"section\" data-settings=\"{&quot;background_background&quot;:&quot;classic&quot;}\">\n\t\t\t\t\t\t\t<div class=\"elementor-background-overlay\"><\/div>\n\t\t\t\t\t\t\t<div class=\"elementor-container elementor-column-gap-default\">\n\t\t\t\t\t<div class=\"elementor-column elementor-col-100 elementor-top-column elementor-element elementor-element-dde094c\" data-id=\"dde094c\" data-element_type=\"column\" data-e-type=\"column\">\n\t\t\t<div class=\"elementor-widget-wrap elementor-element-populated\">\n\t\t\t\t\t\t<div class=\"elementor-element elementor-element-ecb6c7a elementor-widget__width-initial elementor-widget elementor-widget-heading\" data-id=\"ecb6c7a\" data-element_type=\"widget\" data-e-type=\"widget\" data-widget_type=\"heading.default\">\n\t\t\t\t\t<h1 class=\"elementor-heading-title elementor-size-default\">Expert Support &amp; Exclusive Concierge Services<\/h1>\t\t\t\t<\/div>\n\t\t\t\t<div class=\"elementor-element elementor-element-be7d84d elementor-widget elementor-widget-text-editor\" data-id=\"be7d84d\" data-element_type=\"widget\" data-e-type=\"widget\" data-widget_type=\"text-editor.default\">\n\t\t\t\t\t\t\t\t\t<p>A dedicated yacht management service built on expertise, reliability, and trust.<\/p>\t\t\t\t\t\t\t\t<\/div>\n\t\t\t\t<div class=\"elementor-element elementor-element-c5c6f61 elementor-widget__width-auto elementor-widget elementor-widget-button\" data-id=\"c5c6f61\" data-element_type=\"widget\" data-e-type=\"widget\" data-widget_type=\"button.default\">\n\t\t\t\t\t\t\t\t\t\t<a class=\"elementor-button elementor-button-link elementor-size-sm\" href=\"#elementor-action%3Aaction%3Dpopup%3Aopen%26settings%3DeyJpZCI6Mjg0NCwidG9nZ2xlIjpmYWxzZX0%3D\">\n\t\t\t\t\t\t<span class=\"elementor-button-content-wrapper\">\n\t\t\t\t\t\t\t\t\t<span class=\"elementor-button-text\">Request a consultation<\/span>\n\t\t\t\t\t<\/span>\n\t\t\t\t\t<\/a>\n\t\t\t\t\t\t\t\t<\/div>\n\t\t\t\t\t<\/div>\n\t\t<\/div>\n\t\t\t\t\t<\/div>\n\t\t<\/section>\n\t\t\t\t<section class=\"elementor-section elementor-top-section elementor-element elementor-element-74730c4 elementor-reverse-tablet elementor-reverse-mobile elementor-section-boxed elementor-section-height-default elementor-section-height-default\" data-id=\"74730c4\" data-element_type=\"section\" data-e-type=\"section\" data-settings=\"{&quot;background_background&quot;:&quot;classic&quot;}\">\n\t\t\t\t\t\t<div class=\"elementor-container elementor-column-gap-custom\">\n\t\t\t\t\t<div class=\"elementor-column elementor-col-50 elementor-top-column elementor-element elementor-element-d6e7082 elementor-hidden-tablet elementor-hidden-mobile\" data-id=\"d6e7082\" data-element_type=\"column\" data-e-type=\"column\" data-settings=\"{&quot;background_background&quot;:&quot;classic&quot;}\">\n\t\t\t<div class=\"elementor-widget-wrap\">\n\t\t\t\t\t\t\t<\/div>\n\t\t<\/div>\n\t\t\t\t<div class=\"elementor-column elementor-col-50 elementor-top-column elementor-element elementor-element-ecb6310\" data-id=\"ecb6310\" data-element_type=\"column\" data-e-type=\"column\">\n\t\t\t<div class=\"elementor-widget-wrap elementor-element-populated\">\n\t\t\t\t\t\t<div class=\"elementor-element elementor-element-0d2f360 elementor-widget elementor-widget-text-editor\" data-id=\"0d2f360\" data-element_type=\"widget\" data-e-type=\"widget\" data-widget_type=\"text-editor.default\">\n\t\t\t\t\t\t\t\t\t<p>Expert support throughout the entire process.<\/p>\t\t\t\t\t\t\t\t<\/div>\n\t\t\t\t<div class=\"elementor-element elementor-element-b967a4d elementor-widget__width-initial elementor-widget elementor-widget-heading\" data-id=\"b967a4d\" data-element_type=\"widget\" data-e-type=\"widget\" data-widget_type=\"heading.default\">\n\t\t\t\t\t<h2 class=\"elementor-heading-title elementor-size-default\">Expert guidance beyond ownership.<\/h2>\t\t\t\t<\/div>\n\t\t\t\t<div class=\"elementor-element elementor-element-593cb3a elementor-widget elementor-widget-text-editor\" data-id=\"593cb3a\" data-element_type=\"widget\" data-e-type=\"widget\" data-widget_type=\"text-editor.default\">\n\t\t\t\t\t\t\t\t\t<p>Yacht owners face decisions and operational demands that go far beyond simply being at sea. At OMR Premium Yachting, our team guides you through every step of ownership, providing personalized expert support and exclusive concierge services \u2014 from technical specifications, design, and configuration, to legal, tax, and registration matters, as well as finding the ideal marina.Godinama podr\u017eavamo vlasnike luksuznih jahti \u0161irom sveta, osiguravaju\u0107i da svaki detalj bude besprekorno realizovan i u skladu sa njihovim \u017eivotnim stilom. Na\u0161a misija je da za\u0161titimo va\u0161u investiciju i omogu\u0107imo vam da u\u017eivate u svakom trenutku vlasni\u0161tva, sa iskustvom koje je jednostavno, besprekorno i u potpunosti prilago\u0111eno vama.<\/p>\t\t\t\t\t\t\t\t<\/div>\n\t\t\t\t<div class=\"elementor-element elementor-element-d4f6297 elementor-hidden-desktop elementor-widget elementor-widget-image\" data-id=\"d4f6297\" data-element_type=\"widget\" data-e-type=\"widget\" data-widget_type=\"image.default\">\n\t\t\t\t\t\t\t\t\t\t\t\t\t\t\t<img alt=\"\" fetchpriority=\"high\" decoding=\"async\" width=\"800\" height=\"530\" src=\"https:\/\/omrpremiumyachting.com\/wp-content\/uploads\/2026\/02\/strucno-vodjenje-vlasnistva-1024x678.webp\" class=\"attachment-large size-large wp-image-1235\" alt=\"\" srcset=\"https:\/\/omrpremiumyachting.com\/wp-content\/uploads\/2026\/02\/strucno-vodjenje-vlasnistva-1024x678.webp 1024w, https:\/\/omrpremiumyachting.com\/wp-content\/uploads\/2026\/02\/strucno-vodjenje-vlasnistva-300x199.webp 300w, https:\/\/omrpremiumyachting.com\/wp-content\/uploads\/2026\/02\/strucno-vodjenje-vlasnistva-768x509.webp 768w, https:\/\/omrpremiumyachting.com\/wp-content\/uploads\/2026\/02\/strucno-vodjenje-vlasnistva.webp 1200w\" sizes=\"(max-width: 800px) 100vw, 800px\" \/>\t\t\t\t\t\t\t\t\t\t\t\t\t\t\t<\/div>\n\t\t\t\t\t<\/div>\n\t\t<\/div>\n\t\t\t\t\t<\/div>\n\t\t<\/section>\n\t\t\t\t<section class=\"elementor-section elementor-top-section elementor-element elementor-element-f94b319 elementor-section-boxed elementor-section-height-default elementor-section-height-default\" data-id=\"f94b319\" data-element_type=\"section\" data-e-type=\"section\" data-settings=\"{&quot;background_background&quot;:&quot;classic&quot;}\">\n\t\t\t\t\t\t<div class=\"elementor-container elementor-column-gap-default\">\n\t\t\t\t\t<div class=\"elementor-column elementor-col-100 elementor-top-column elementor-element elementor-element-f5de1e0\" data-id=\"f5de1e0\" data-element_type=\"column\" data-e-type=\"column\">\n\t\t\t<div class=\"elementor-widget-wrap elementor-element-populated\">\n\t\t\t\t\t\t<div class=\"elementor-element elementor-element-c9b2f59 elementor-widget elementor-widget-heading\" data-id=\"c9b2f59\" data-element_type=\"widget\" data-e-type=\"widget\" data-widget_type=\"heading.default\">\n\t\t\t\t\t<h2 class=\"elementor-heading-title elementor-size-default\">Every luxury vessel ownership experience should be simple, organized, and secure.<\/h2>\t\t\t\t<\/div>\n\t\t\t\t\t<\/div>\n\t\t<\/div>\n\t\t\t\t\t<\/div>\n\t\t<\/section>\n\t\t\t\t<section class=\"elementor-section elementor-top-section elementor-element elementor-element-fad881b elementor-reverse-tablet elementor-reverse-mobile elementor-section-boxed elementor-section-height-default elementor-section-height-default\" data-id=\"fad881b\" data-element_type=\"section\" data-e-type=\"section\" data-settings=\"{&quot;background_background&quot;:&quot;classic&quot;}\">\n\t\t\t\t\t\t<div class=\"elementor-container elementor-column-gap-custom\">\n\t\t\t\t\t<div class=\"elementor-column elementor-col-50 elementor-top-column elementor-element elementor-element-106e7d2\" data-id=\"106e7d2\" data-element_type=\"column\" data-e-type=\"column\">\n\t\t\t<div class=\"elementor-widget-wrap elementor-element-populated\">\n\t\t\t\t\t\t<div class=\"elementor-element elementor-element-b185c44 elementor-widget__width-initial elementor-widget elementor-widget-heading\" data-id=\"b185c44\" data-element_type=\"widget\" data-e-type=\"widget\" data-widget_type=\"heading.default\">\n\t\t\t\t\t<h2 class=\"elementor-heading-title elementor-size-default\">Luxury vessel ownership, tailored to you.<\/h2>\t\t\t\t<\/div>\n\t\t\t\t<div class=\"elementor-element elementor-element-43595ab elementor-widget elementor-widget-text-editor\" data-id=\"43595ab\" data-element_type=\"widget\" data-e-type=\"widget\" data-widget_type=\"text-editor.default\">\n\t\t\t\t\t\t\t\t\t<p>Every owner, every yacht, and every style of use is unique. Our yacht management team and exclusive concierge adapt to your needs \u2014 providing expert guidance where required and personalized support whenever requested.<\/p><p>\u00a0<\/p><p>From coordinating daily operations to arranging special requests, we take care of every detail. The result is a calm, seamless, and well-organized ownership experience that allows you to fully enjoy your yacht.<\/p><p>For years, we\u2019ve supported luxury yacht owners worldwide, ensuring every detail is executed flawlessly and aligned with their lifestyle. Our mission is to protect your investment and help you enjoy every moment of ownership \u2014 with an experience that is simple, seamless, and fully tailored to you.<\/p>\t\t\t\t\t\t\t\t<\/div>\n\t\t\t\t<div class=\"elementor-element elementor-element-e0e34c6 elementor-hidden-desktop elementor-widget elementor-widget-image\" data-id=\"e0e34c6\" data-element_type=\"widget\" data-e-type=\"widget\" data-widget_type=\"image.default\">\n\t\t\t\t\t\t\t\t\t\t\t\t\t\t\t<img alt=\"\" decoding=\"async\" width=\"800\" height=\"530\" src=\"https:\/\/omrpremiumyachting.com\/wp-content\/uploads\/2026\/02\/vlasnistvo-luksuznog-plovila-prilagodjeno-vama-1024x678.webp\" class=\"attachment-large size-large wp-image-1236\" alt=\"\" srcset=\"https:\/\/omrpremiumyachting.com\/wp-content\/uploads\/2026\/02\/vlasnistvo-luksuznog-plovila-prilagodjeno-vama-1024x678.webp 1024w, https:\/\/omrpremiumyachting.com\/wp-content\/uploads\/2026\/02\/vlasnistvo-luksuznog-plovila-prilagodjeno-vama-300x199.webp 300w, https:\/\/omrpremiumyachting.com\/wp-content\/uploads\/2026\/02\/vlasnistvo-luksuznog-plovila-prilagodjeno-vama-768x509.webp 768w, https:\/\/omrpremiumyachting.com\/wp-content\/uploads\/2026\/02\/vlasnistvo-luksuznog-plovila-prilagodjeno-vama-1536x1017.webp 1536w, https:\/\/omrpremiumyachting.com\/wp-content\/uploads\/2026\/02\/vlasnistvo-luksuznog-plovila-prilagodjeno-vama-2048x1356.webp 2048w\" sizes=\"(max-width: 800px) 100vw, 800px\" \/>\t\t\t\t\t\t\t\t\t\t\t\t\t\t\t<\/div>\n\t\t\t\t\t<\/div>\n\t\t<\/div>\n\t\t\t\t<div class=\"elementor-column elementor-col-50 elementor-top-column elementor-element elementor-element-628a738 elementor-hidden-tablet elementor-hidden-mobile\" data-id=\"628a738\" data-element_type=\"column\" data-e-type=\"column\" data-settings=\"{&quot;background_background&quot;:&quot;classic&quot;}\">\n\t\t\t<div class=\"elementor-widget-wrap\">\n\t\t\t\t\t\t\t<\/div>\n\t\t<\/div>\n\t\t\t\t\t<\/div>\n\t\t<\/section>\n\t\t\t\t<section class=\"elementor-section elementor-top-section elementor-element elementor-element-7310059 elementor-reverse-tablet elementor-reverse-mobile elementor-section-boxed elementor-section-height-default elementor-section-height-default\" data-id=\"7310059\" data-element_type=\"section\" data-e-type=\"section\" data-settings=\"{&quot;background_background&quot;:&quot;classic&quot;}\">\n\t\t\t\t\t\t<div class=\"elementor-container elementor-column-gap-custom\">\n\t\t\t\t\t<div class=\"elementor-column elementor-col-50 elementor-top-column elementor-element elementor-element-8aacb4b elementor-hidden-tablet elementor-hidden-mobile\" data-id=\"8aacb4b\" data-element_type=\"column\" data-e-type=\"column\" data-settings=\"{&quot;background_background&quot;:&quot;classic&quot;}\">\n\t\t\t<div class=\"elementor-widget-wrap\">\n\t\t\t\t\t\t\t<\/div>\n\t\t<\/div>\n\t\t\t\t<div class=\"elementor-column elementor-col-50 elementor-top-column elementor-element elementor-element-836e21b\" data-id=\"836e21b\" data-element_type=\"column\" data-e-type=\"column\">\n\t\t\t<div class=\"elementor-widget-wrap elementor-element-populated\">\n\t\t\t\t\t\t<div class=\"elementor-element elementor-element-ca60f4a elementor-widget__width-initial elementor-widget elementor-widget-heading\" data-id=\"ca60f4a\" data-element_type=\"widget\" data-e-type=\"widget\" data-widget_type=\"heading.default\">\n\t\t\t\t\t<h2 class=\"elementor-heading-title elementor-size-default\">Expert Support &amp; Exclusive Concierge<\/h2>\t\t\t\t<\/div>\n\t\t\t\t<div class=\"elementor-element elementor-element-ae9ccd0 elementor-widget elementor-widget-text-editor\" data-id=\"ae9ccd0\" data-element_type=\"widget\" data-e-type=\"widget\" data-widget_type=\"text-editor.default\">\n\t\t\t\t\t\t\t\t\t<p>We provide a carefully tailored combination of expert guidance through every step of ownership and exclusive concierge support, covering all key aspects of yacht ownership and the overall yachting experience.<\/p>\t\t\t\t\t\t\t\t<\/div>\n\t\t\t\t<div class=\"elementor-element elementor-element-345500a elementor-widget elementor-widget-text-editor\" data-id=\"345500a\" data-element_type=\"widget\" data-e-type=\"widget\" data-widget_type=\"text-editor.default\">\n\t\t\t\t\t\t\t\t\t<p><strong>Operational Management<\/strong><br \/>Oversight of day-to-day activities to ensure seamless yacht operations.<\/p><p>\u00a0<\/p><p><strong>Technical Coordination<\/strong><br \/>Maintenance planning and technical supervision through trusted partners.<\/p><p>\u00a0<\/p><p><strong>Crew Coordination<\/strong><br \/>Support with crew organization and operational matters.<\/p><p>\u00a0<\/p><p><strong>Financial Coordination<\/strong><br \/>Clear financial oversight and cost control.<\/p>\t\t\t\t\t\t\t\t<\/div>\n\t\t\t\t<div class=\"elementor-element elementor-element-5acbc77 elementor-hidden-desktop elementor-widget elementor-widget-image\" data-id=\"5acbc77\" data-element_type=\"widget\" data-e-type=\"widget\" data-widget_type=\"image.default\">\n\t\t\t\t\t\t\t\t\t\t\t\t\t\t\t<img alt=\"\" decoding=\"async\" width=\"800\" height=\"530\" src=\"https:\/\/omrpremiumyachting.com\/wp-content\/uploads\/2026\/02\/strucna-podrska-1024x678.webp\" class=\"attachment-large size-large wp-image-1237\" alt=\"\" srcset=\"https:\/\/omrpremiumyachting.com\/wp-content\/uploads\/2026\/02\/strucna-podrska-1024x678.webp 1024w, https:\/\/omrpremiumyachting.com\/wp-content\/uploads\/2026\/02\/strucna-podrska-300x199.webp 300w, https:\/\/omrpremiumyachting.com\/wp-content\/uploads\/2026\/02\/strucna-podrska-768x509.webp 768w, https:\/\/omrpremiumyachting.com\/wp-content\/uploads\/2026\/02\/strucna-podrska-1536x1017.webp 1536w, https:\/\/omrpremiumyachting.com\/wp-content\/uploads\/2026\/02\/strucna-podrska-2048x1356.webp 2048w\" sizes=\"(max-width: 800px) 100vw, 800px\" \/>\t\t\t\t\t\t\t\t\t\t\t\t\t\t\t<\/div>\n\t\t\t\t\t<\/div>\n\t\t<\/div>\n\t\t\t\t\t<\/div>\n\t\t<\/section>\n\t\t\t\t<section class=\"elementor-section elementor-top-section elementor-element elementor-element-e6609fb elementor-reverse-tablet elementor-reverse-mobile elementor-section-boxed elementor-section-height-default elementor-section-height-default\" data-id=\"e6609fb\" data-element_type=\"section\" data-e-type=\"section\" data-settings=\"{&quot;background_background&quot;:&quot;classic&quot;}\">\n\t\t\t\t\t\t<div class=\"elementor-container elementor-column-gap-custom\">\n\t\t\t\t\t<div class=\"elementor-column elementor-col-50 elementor-top-column elementor-element elementor-element-1722353\" data-id=\"1722353\" data-element_type=\"column\" data-e-type=\"column\">\n\t\t\t<div class=\"elementor-widget-wrap elementor-element-populated\">\n\t\t\t\t\t\t<div class=\"elementor-element elementor-element-039ee8d elementor-widget__width-initial elementor-widget elementor-widget-heading\" data-id=\"039ee8d\" data-element_type=\"widget\" data-e-type=\"widget\" data-widget_type=\"heading.default\">\n\t\t\t\t\t<h2 class=\"elementor-heading-title elementor-size-default\">Let\u2019s turn your vision into reality.<\/h2>\t\t\t\t<\/div>\n\t\t\t\t<div class=\"elementor-element elementor-element-a1d7c36 elementor-widget elementor-widget-text-editor\" data-id=\"a1d7c36\" data-element_type=\"widget\" data-e-type=\"widget\" data-widget_type=\"text-editor.default\">\n\t\t\t\t\t\t\t\t\t<p>If you\u2019d like to learn more about how we work or how we can support your vision, contact our team.<\/p>\t\t\t\t\t\t\t\t<\/div>\n\t\t\t\t<div class=\"elementor-element elementor-element-2485336 elementor-widget__width-auto elementor-widget elementor-widget-button\" data-id=\"2485336\" data-element_type=\"widget\" data-e-type=\"widget\" data-widget_type=\"button.default\">\n\t\t\t\t\t\t\t\t\t\t<a class=\"elementor-button elementor-button-link elementor-size-sm\" href=\"https:\/\/omrpremiumyachting.com\/en\/contact-us\/\">\n\t\t\t\t\t\t<span class=\"elementor-button-content-wrapper\">\n\t\t\t\t\t\t\t\t\t<span class=\"elementor-button-text\">Contact us<\/span>\n\t\t\t\t\t<\/span>\n\t\t\t\t\t<\/a>\n\t\t\t\t\t\t\t\t<\/div>\n\t\t\t\t<div class=\"elementor-element elementor-element-2aeb76a elementor-hidden-desktop elementor-widget elementor-widget-image\" data-id=\"2aeb76a\" data-element_type=\"widget\" data-e-type=\"widget\" data-widget_type=\"image.default\">\n\t\t\t\t\t\t\t\t\t\t\t\t\t\t\t<img alt=\"\" loading=\"lazy\" decoding=\"async\" width=\"800\" height=\"530\" src=\"https:\/\/omrpremiumyachting.com\/wp-content\/uploads\/2026\/02\/pretvorimo-vasu-viziju-u-stvarnost-1024x678.webp\" class=\"attachment-large size-large wp-image-1177\" alt=\"\" srcset=\"https:\/\/omrpremiumyachting.com\/wp-content\/uploads\/2026\/02\/pretvorimo-vasu-viziju-u-stvarnost-1024x678.webp 1024w, https:\/\/omrpremiumyachting.com\/wp-content\/uploads\/2026\/02\/pretvorimo-vasu-viziju-u-stvarnost-300x199.webp 300w, https:\/\/omrpremiumyachting.com\/wp-content\/uploads\/2026\/02\/pretvorimo-vasu-viziju-u-stvarnost-768x509.webp 768w, https:\/\/omrpremiumyachting.com\/wp-content\/uploads\/2026\/02\/pretvorimo-vasu-viziju-u-stvarnost-1536x1017.webp 1536w, https:\/\/omrpremiumyachting.com\/wp-content\/uploads\/2026\/02\/pretvorimo-vasu-viziju-u-stvarnost-2048x1356.webp 2048w\" sizes=\"(max-width: 800px) 100vw, 800px\" \/>\t\t\t\t\t\t\t\t\t\t\t\t\t\t\t<\/div>\n\t\t\t\t\t<\/div>\n\t\t<\/div>\n\t\t\t\t<div class=\"elementor-column elementor-col-50 elementor-top-column elementor-element elementor-element-5b2e2ea elementor-hidden-tablet elementor-hidden-mobile\" data-id=\"5b2e2ea\" data-element_type=\"column\" data-e-type=\"column\" data-settings=\"{&quot;background_background&quot;:&quot;classic&quot;}\">\n\t\t\t<div class=\"elementor-widget-wrap\">\n\t\t\t\t\t\t\t<\/div>\n\t\t<\/div>\n\t\t\t\t\t<\/div>\n\t\t<\/section>\n\t\t\t\t<\/div>\n\t\t","protected":false},"excerpt":{"rendered":"<p>Expert Support &amp; Exclusive Concierge Services A dedicated yacht management service built on expertise, reliability, and trust. Request a consultation Expert support throughout the entire process. Expert guidance beyond ownership. Yacht owners face decisions and operational demands that go far beyond simply being at sea. At OMR Premium Yachting, our team guides you through every [&hellip;]<\/p>\n","protected":false},"author":1,"featured_media":0,"parent":0,"menu_order":0,"comment_status":"closed","ping_status":"closed","template":"","meta":{"_acf_changed":false,"_seopress_robots_primary_cat":"","_seopress_titles_title":"Yacht Management & Concierge Services | OMR Premium Yachting","_seopress_titles_desc":"OMR Premium Yachting offers yacht management and concierge services designed to simplify ownership, optimize operations, and deliver a seamless premium experience.","_seopress_robots_index":"","footnotes":""},"class_list":["post-1227","page","type-page","status-publish","hentry"],"acf":[],"_links":{"self":[{"href":"https:\/\/omrpremiumyachting.com\/en\/wp-json\/wp\/v2\/pages\/1227","targetHints":{"allow":["GET"]}}],"collection":[{"href":"https:\/\/omrpremiumyachting.com\/en\/wp-json\/wp\/v2\/pages"}],"about":[{"href":"https:\/\/omrpremiumyachting.com\/en\/wp-json\/wp\/v2\/types\/page"}],"author":[{"embeddable":true,"href":"https:\/\/omrpremiumyachting.com\/en\/wp-json\/wp\/v2\/users\/1"}],"replies":[{"embeddable":true,"href":"https:\/\/omrpremiumyachting.com\/en\/wp-json\/wp\/v2\/comments?post=1227"}],"version-history":[{"count":19,"href":"https:\/\/omrpremiumyachting.com\/en\/wp-json\/wp\/v2\/pages\/1227\/revisions"}],"predecessor-version":[{"id":3246,"href":"https:\/\/omrpremiumyachting.com\/en\/wp-json\/wp\/v2\/pages\/1227\/revisions\/3246"}],"wp:attachment":[{"href":"https:\/\/omrpremiumyachting.com\/en\/wp-json\/wp\/v2\/media?parent=1227"}],"curies":[{"name":"wp","href":"https:\/\/api.w.org\/{rel}","templated":true}]}}